{"id":54,"date":"2020-12-22T16:26:19","date_gmt":"2020-12-22T15:26:19","guid":{"rendered":"https:\/\/honig.kreuzer.io\/?page_id=54"},"modified":"2021-01-22T21:27:00","modified_gmt":"2021-01-22T20:27:00","slug":"unserebienen","status":"publish","type":"page","link":"https:\/\/www.honig.kreuzer.io\/index.php\/home\/unserebienen\/","title":{"rendered":"Unsere Bienen"},"content":{"rendered":"\n<p class=\"grt\">Als Imker haben wir neben einer Verantwortung gegen\u00fcber unseren Honig-Konsumenten im Besonderen auch eine Verantwortung gegen\u00fcber unseren Bienen &#8211; sie leisten nicht zuletzt die meiste Arbeit bei der Honigproduktion. Aus diesem Grund haben wir uns von Beginn an f\u00fcr eine Art des Imkerns entschieden, welche unseren Bienen in erster Linie eine m\u00f6glichst nat\u00fcrliche Lebensweise erm\u00f6glicht. Mehrere Grunds\u00e4tze stellen dabei das Fundament unseres Ansatzes:<\/p>\n\n\n\n<h3 class=\"wp-block-heading\">Bienengesundheit<\/h3>\n\n\n\n<p class=\"grt\">Auch Bienen k\u00f6nnen krank werden und es gibt eine Vielzahl von Bienenkrankheiten, die ein gesundes Bienenvolk innerhalb k\u00fcrzester Zeit dahinraffen k\u00f6nnen &#8211; allen voran <em>Varroa destructor<\/em> (die Varroamilbe). Unsere Bienenv\u00f6lker werden deshalb regelm\u00e4\u00dfig auf Krankheiten kontrolliert, nicht zuletzt in Zusammenarbeit mit den  Bienensachverst\u00e4ndigen des Landes Hessen und dessen Veterin\u00e4r\u00e4mtern. <\/p>\n\n\n\n<p class=\"grt\">Um m\u00f6glichen Krankheitserregern zu begegnen, stehen dem Imker dabei grunds\u00e4tzlich vielf\u00e4ltige Mittel, Medikamente und Behandlungskonzepte zur Verf\u00fcgung. Wir haben uns jedoch f\u00fcr einen grunds\u00e4tzlich m\u00f6glichst schonenden Einsatz von Medikamenten und Behandlungen entschieden. Diese Entscheidung beruht auf unserer festen \u00dcberzeugung, dass Bienen allen voran selbst am besten wissen was f\u00fcr sie gut ist und jeder imkerliche Eingriff in das Bienenvolk zun\u00e4chst einmal den Bienen schadet (zumindest Unruhe verursacht). Vor jedem Eingriff wiegen wir somit stets den Nutzen gegen den verursachten Schaden ab, so dass nur notwendige und f\u00fcr das Wohl unserer Bienenv\u00f6lker erforderliche Ma\u00dfnahmen durchgef\u00fchrt werden.<\/p>\n\n\n\n<h3 class=\"wp-block-heading\">Nat\u00fcrlicher Wohnsitz<\/h3>\n\n\n\n<p class=\"grt\">Wir haben uns f\u00fcr die Haltung unserer Bienen auf nat\u00fcrlichem, von ihnen selbst errichtetem Wabenbau (Naturbau) entschieden. Vorgefertigte Mittelw\u00e4nde finden nur in den Honiglagern unserer Bienenv\u00f6lker Anwendung um die Honigernte zu erleichtern und den Stress f\u00fcr die Bienenv\u00f6lker zu reduzieren.<\/p>\n\n\n\n<p class=\"grt\">Unsere Bienen leben und gedeihen zudem in eigens f\u00fcr sie von uns selbst hergestellten Holzbeuten, die wir aus unbelastetem und unbehandeltem Alt-Holz herstellen. Auch hier ist unsere feste \u00dcberzeugung, dass eine h\u00f6lzerne Behausung einem nat\u00fcrlichen Bienenwohnsitz am n\u00e4chsten kommt und es den Bienen erleichtert, ein gesundes Wohnklima in ihrer Behausung zu erzeugen.<\/p>\n\n\n\n<h3 class=\"wp-block-heading\">Naturnahe Betreuung<\/h3>\n\n\n\n<p class=\"grt\">Wir haben uns f\u00fcr eine Betreuung unserer Bienenv\u00f6lker entschieden, welche auf die nat\u00fcrlichen Verhaltensweisen der Bienen angepasst ist. Dies bedeutet kurz gesagt, dass wir unser Betreuungskonzept an unsere Bienen anpassen und nicht versuchen, unsere Bienen an unser Konzept anzupassen. Hierzu geh\u00f6rt zum einen der bewusste Verzicht auf Ma\u00dfnahmen zur Honigertragssteigerung, ebenso wie eine individuelle Betreuung je Bienenvolk.<\/p>\n\n\n\n<p class=\"grt\">All dies kommt nat\u00fcrlich auch unserem Honig zugute und veredelt damit seine besondere Wetterauer Note!<\/p>\n\n\n\n<br>\n\n\n\n<p class=\"grt\">Besucht ebenfalls unseren <a href=\"https:\/\/www.instagram.com\/dein_honig\/\">Instagram Blog<\/a> um einen Blick auf unsere Bienen sowie aktuelle Beitr\u00e4ge zu verschiedenen Themen rund um die Imkerei und die Honigbiene zu werfen. Im Folgenden findet ihr eine Auswahl der aktuellsten Beitr\u00e4ge:<\/p>\n\n\n\t\t<div\n\t\t\t\t\t\t\t\t\t\t\tstyle=\"max-width:\n\t\t\t\t\t\t100%;\"\t\t\t\t\tdata-ftsi-columns=\"4\" data-ftsi-force-columns=\"yes\" data-ftsi-margin=\"1px\" data-ftsi-width=\"\" class=\"\n\t\t\t\t\t\t\t\t\t\t\t\t  fts-instagram-inline-block-centered feed_dynamic_classfksyxzwyem_basic\"><\/div>\t\t\t\t\t\t\n\n\n\n<p><\/p>\n","protected":false},"excerpt":{"rendered":"<p>Als Imker haben wir neben einer Verantwortung gegen\u00fcber unseren Honig-Konsumenten im Besonderen auch eine Verantwortung gegen\u00fcber unseren Bienen &#8211; sie leisten nicht zuletzt die meiste Arbeit bei der Honigproduktion. Aus diesem Grund haben wir uns von Beginn an f\u00fcr eine Art des Imkerns entschieden, welche unseren Bienen in erster Linie eine m\u00f6glichst nat\u00fcrliche Lebensweise erm\u00f6glicht. [&hellip;]<\/p>\n","protected":false},"author":1,"featured_media":0,"parent":25,"menu_order":0,"comment_status":"closed","ping_status":"closed","template":"","meta":{"footnotes":""},"class_list":["post-54","page","type-page","status-publish","hentry"],"_links":{"self":[{"href":"https:\/\/www.honig.kreuzer.io\/index.php\/wp-json\/wp\/v2\/pages\/54","targetHints":{"allow":["GET"]}}],"collection":[{"href":"https:\/\/www.honig.kreuzer.io\/index.php\/wp-json\/wp\/v2\/pages"}],"about":[{"href":"https:\/\/www.honig.kreuzer.io\/index.php\/wp-json\/wp\/v2\/types\/page"}],"author":[{"embeddable":true,"href":"https:\/\/www.honig.kreuzer.io\/index.php\/wp-json\/wp\/v2\/users\/1"}],"replies":[{"embeddable":true,"href":"https:\/\/www.honig.kreuzer.io\/index.php\/wp-json\/wp\/v2\/comments?post=54"}],"version-history":[{"count":19,"href":"https:\/\/www.honig.kreuzer.io\/index.php\/wp-json\/wp\/v2\/pages\/54\/revisions"}],"predecessor-version":[{"id":393,"href":"https:\/\/www.honig.kreuzer.io\/index.php\/wp-json\/wp\/v2\/pages\/54\/revisions\/393"}],"up":[{"embeddable":true,"href":"https:\/\/www.honig.kreuzer.io\/index.php\/wp-json\/wp\/v2\/pages\/25"}],"wp:attachment":[{"href":"https:\/\/www.honig.kreuzer.io\/index.php\/wp-json\/wp\/v2\/media?parent=54"}],"curies":[{"name":"wp","href":"https:\/\/api.w.org\/{rel}","templated":true}]}}