{"id":163,"date":"2021-01-02T03:00:24","date_gmt":"2021-01-02T02:00:24","guid":{"rendered":"https:\/\/honig.kreuzer.io\/?page_id=163"},"modified":"2021-01-10T13:01:35","modified_gmt":"2021-01-10T12:01:35","slug":"impressum","status":"publish","type":"page","link":"https:\/\/www.honig.kreuzer.io\/index.php\/impressum\/","title":{"rendered":"Impressum"},"content":{"rendered":"\n<p>Informationspflicht laut \u00a7 5 TMG.<br><br>Dr. Stanislav Kreuzer<br>Imkerei DEIN HONIG aus der Wetterau<br>Wiesengrund 4<br>35510 Butzbach<br>Deutschland<\/p>\n\n\n\n<p>Tel: +49 6033 925335<br>E-Mail:&nbsp;info@honig.kreuzer.io<\/p>\n\n\n\n<p>Inhaltlich verantwortlich i.S.d. \u00a7 18 Abs. 2 MStV: Dr. Stanislav Kreuzer, Wiesengrund 4, 35510 Butzbach. Dieses Impressum gilt gleichfalls f\u00fcr die von uns unter instagram.com ver\u00f6ffentlichten Inhalte.<\/p>\n\n\n\n<p><strong>Mitgliedschaft:<\/strong><\/p>\n\n\n\n<ul class=\"wp-block-list\"><li><a href=\"https:\/\/deutscherimkerbund.de\/\" data-type=\"URL\" data-id=\"https:\/\/deutscherimkerbund.de\/\" target=\"_blank\" rel=\"noreferrer noopener\">Deutscher Imkerbund e.V.<\/a><\/li><li><a href=\"http:\/\/hessische-imker.de\/\" data-type=\"URL\" data-id=\"http:\/\/hessische-imker.de\/\" target=\"_blank\" rel=\"noreferrer noopener\">Landesverband Hessischer Imker e. V.<\/a><\/li><li><a href=\"https:\/\/imkerverein-butzbach.de\/\" data-type=\"URL\" data-id=\"https:\/\/imkerverein-butzbach.de\/\" target=\"_blank\" rel=\"noreferrer noopener\">Imkerverein Butzbach e.V.<\/a><\/li><\/ul>\n\n\n\n<p><\/p>\n\n\n\n<h2 class=\"wp-block-heading\">Haftung f\u00fcr Inhalte<\/h2>\n\n\n\n<p>Wir entwickeln die Inhalte dieser Webseite st\u00e4ndig weiter und bem\u00fchen uns stets um die Bereitstellung korrekter und aktueller Informationen. Als Diensteanbieter sind wir gem\u00e4\u00df <a rel=\"noreferrer noopener\" href=\"https:\/\/www.gesetze-im-internet.de\/tmg\/__7.html?tid=321246472\" target=\"_blank\">\u00a7 7 (1) TMG<\/a> f\u00fcr eigene Inhalte auf diesen Seiten nach den allgemeinen Gesetzen verantwortlich. Als Diensteanbieter im Sinne der \u00a7\u00a7 8 bis 10 TMG sind wir jedoch nicht verpflichtet, \u00fcbermittelte oder gespeicherte fremde Informationen zu \u00fcberwachen oder nach Umst\u00e4nden zu forschen, die auf eine rechtswidrige T\u00e4tigkeit hinweisen. Verpflichtungen zur Entfernung oder Sperrung der Nutzung von Informationen nach den allgemeinen Gesetzen bleiben auch im Falle unserer Nichtverantwortlichkeit nach den \u00a7\u00a7 8 bis 10 unber\u00fchrt. Eine diesbez\u00fcgliche Haftung ist jedoch erst ab dem Zeitpunkt der Kenntnis einer konkreten Rechtsverletzung m\u00f6glich. Sollten Ihnen problematische oder rechtswidrige Inhalte auffallen, bitte wir Sie uns umgehend zu kontaktieren. Bei Bekanntwerden von entsprechenden Rechtsverletzungen werden wir diese Inhalte umgehend entfernen.<\/p>\n\n\n\n<h2 class=\"wp-block-heading\">Haftung f\u00fcr Links<\/h2>\n\n\n\n<p>Unsere Webseite enth\u00e4lt Links zu externen Webseiten Dritter, auf deren Inhalte wir keinen Einfluss haben. Deshalb k\u00f6nnen wir f\u00fcr diese fremden Inhalte auch keine Verantwortung \u00fcbernehmen. F\u00fcr die Inhalte der verlinkten Seiten ist stets der jeweilige Anbieter oder Betreiber der Seiten verantwortlich. Die verlinkten Seiten wurden zum Zeitpunkt der Verlinkung auf m\u00f6gliche Rechtsverst\u00f6\u00dfe \u00fcberpr\u00fcft. Rechtswidrige Inhalte waren zum Zeitpunkt der Verlinkung nicht erkennbar. Wenn Ihnen rechtswidrige Links auf unserer Webseite auffallen, bitte wir Sie uns zu kontaktieren. Bei Bekanntwerden von Rechtsverletzungen werden wir derartige Links umgehend entfernen.<\/p>\n\n\n\n<h2 class=\"wp-block-heading\">Urheberrechtshinweis<\/h2>\n\n\n\n<p>Alle durch die Seitenbetreiber erstellten Inhalte und Werke auf dieser Webseite (Bilder, Fotos, Texte, Videos) unterliegen dem Urheberrecht der Bundesrepublik Deutschland. Die Vervielf\u00e4ltigung, Bearbeitung, Verbreitung und jede Art der Verwertung au\u00dferhalb der Grenzen des Urheberrechtes bed\u00fcrfen der schriftlichen Zustimmung des jeweiligen Autors bzw. Erstellers. Bitte fragen Sie uns bevor Sie die Inhalte dieser Webseite verbreiten, vervielf\u00e4ltigen oder verwerten. Sollten Sie auf eine Urheberrechtsverletzung aufmerksam werden, bitten wir um einen entsprechenden Hinweis. Bei Bekanntwerden von Rechtsverletzungen werden wir derartige Inhalte umgehend entfernen.<\/p>\n\n\n\n<h2 class=\"wp-block-heading\">Bildernachweis<\/h2>\n\n\n\n<p>Die Bilder, Fotos und Grafiken auf dieser Webseite sind urheberrechtlich gesch\u00fctzt. Die Bilderrechte liegen bei den folgenden Fotografen und Unternehmen:<\/p>\n\n\n\n<ul class=\"wp-block-list\"><li>C. und S. Kreuzer &#8211; http:\/\/www.honig.kreuzer.io<\/li><li>Font Awesome by Dave Gandy &#8211; http:\/\/fontawesome.io<\/li><\/ul>\n\n\n\n<p><\/p>\n","protected":false},"excerpt":{"rendered":"<p>Informationspflicht laut \u00a7 5 TMG. Dr. Stanislav KreuzerImkerei DEIN HONIG aus der WetterauWiesengrund 435510 ButzbachDeutschland Tel: +49 6033 925335E-Mail:&nbsp;info@honig.kreuzer.io Inhaltlich verantwortlich i.S.d. \u00a7 18 Abs. 2 MStV: Dr. Stanislav Kreuzer, Wiesengrund 4, 35510 Butzbach. Dieses Impressum gilt gleichfalls f\u00fcr die von uns unter instagram.com ver\u00f6ffentlichten Inhalte. Mitgliedschaft: Deutscher Imkerbund e.V. Landesverband Hessischer Imker e. V. [&hellip;]<\/p>\n","protected":false},"author":1,"featured_media":0,"parent":0,"menu_order":0,"comment_status":"closed","ping_status":"closed","template":"","meta":{"footnotes":""},"class_list":["post-163","page","type-page","status-publish","hentry"],"_links":{"self":[{"href":"https:\/\/www.honig.kreuzer.io\/index.php\/wp-json\/wp\/v2\/pages\/163","targetHints":{"allow":["GET"]}}],"collection":[{"href":"https:\/\/www.honig.kreuzer.io\/index.php\/wp-json\/wp\/v2\/pages"}],"about":[{"href":"https:\/\/www.honig.kreuzer.io\/index.php\/wp-json\/wp\/v2\/types\/page"}],"author":[{"embeddable":true,"href":"https:\/\/www.honig.kreuzer.io\/index.php\/wp-json\/wp\/v2\/users\/1"}],"replies":[{"embeddable":true,"href":"https:\/\/www.honig.kreuzer.io\/index.php\/wp-json\/wp\/v2\/comments?post=163"}],"version-history":[{"count":13,"href":"https:\/\/www.honig.kreuzer.io\/index.php\/wp-json\/wp\/v2\/pages\/163\/revisions"}],"predecessor-version":[{"id":241,"href":"https:\/\/www.honig.kreuzer.io\/index.php\/wp-json\/wp\/v2\/pages\/163\/revisions\/241"}],"wp:attachment":[{"href":"https:\/\/www.honig.kreuzer.io\/index.php\/wp-json\/wp\/v2\/media?parent=163"}],"curies":[{"name":"wp","href":"https:\/\/api.w.org\/{rel}","templated":true}]}}